{"id":5792,"date":"2025-10-01T12:35:51","date_gmt":"2025-10-01T12:35:51","guid":{"rendered":"https:\/\/alunta.com\/?page_id=5792"},"modified":"2025-10-01T12:37:36","modified_gmt":"2025-10-01T12:37:36","slug":"kundeservice-i-alunta","status":"publish","type":"page","link":"https:\/\/alunta.com\/da\/kundeservice-i-alunta\/","title":{"rendered":"Kundeservice i Alunta"},"content":{"rendered":"","protected":false},"excerpt":{"rendered":"","protected":false},"author":5,"featured_media":0,"parent":0,"menu_order":0,"comment_status":"closed","ping_status":"closed","template":"","meta":{"_acf_changed":false,"footnotes":""},"class_list":["post-5792","page","type-page","status-publish","hentry"],"acf":[],"yoast_head":"<!-- This site is optimized with the Yoast SEO plugin v26.2 - https:\/\/yoast.com\/wordpress\/plugins\/seo\/ -->\n<title>Alunta kundeservice | Hurtig support og personlig hj\u00e6lp<\/title>\n<meta name=\"description\" content=\"F\u00e5 hj\u00e6lp, n\u00e5r du har brug for det. Alunta kundeservice svarer p\u00e5 under 5 timer og hj\u00e6lper dig hurtigt i gang med abonnementssystemet.\" \/>\n<meta name=\"robots\" content=\"index, follow, max-snippet:-1, max-image-preview:large, max-video-preview:-1\" \/>\n<link rel=\"canonical\" href=\"https:\/\/alunta.com\/da\/kundeservice-i-alunta\/\" \/>\n<meta property=\"og:locale\" content=\"da_DK\" \/>\n<meta property=\"og:type\" content=\"article\" \/>\n<meta property=\"og:title\" content=\"Alunta kundeservice | Hurtig support og personlig hj\u00e6lp\" \/>\n<meta property=\"og:description\" content=\"F\u00e5 hj\u00e6lp, n\u00e5r du har brug for det. Alunta kundeservice svarer p\u00e5 under 5 timer og hj\u00e6lper dig hurtigt i gang med abonnementssystemet.\" \/>\n<meta property=\"og:url\" content=\"https:\/\/alunta.com\/da\/kundeservice-i-alunta\/\" \/>\n<meta property=\"og:site_name\" content=\"Alunta\" \/>\n<meta property=\"article:modified_time\" content=\"2025-10-01T12:37:36+00:00\" \/>\n<meta property=\"og:image\" content=\"https:\/\/alunta.com\/wp-content\/uploads\/2025\/09\/alunta-com.jpg\" \/>\n\t<meta property=\"og:image:width\" content=\"1391\" \/>\n\t<meta property=\"og:image:height\" content=\"928\" \/>\n\t<meta property=\"og:image:type\" content=\"image\/jpeg\" \/>\n<meta name=\"twitter:card\" content=\"summary_large_image\" \/>\n<meta name=\"twitter:label1\" content=\"Estimeret l\u00e6setid\" \/>\n\t<meta name=\"twitter:data1\" content=\"4 minutter\" \/>\n<script type=\"application\/ld+json\" class=\"yoast-schema-graph\">{\"@context\":\"https:\/\/schema.org\",\"@graph\":[{\"@type\":\"WebPage\",\"@id\":\"https:\/\/alunta.com\/da\/kundeservice-i-alunta\/\",\"url\":\"https:\/\/alunta.com\/da\/kundeservice-i-alunta\/\",\"name\":\"Alunta kundeservice | Hurtig support og personlig hj\u00e6lp\",\"isPartOf\":{\"@id\":\"https:\/\/alunta.com\/da\/#website\"},\"datePublished\":\"2025-10-01T12:35:51+00:00\",\"dateModified\":\"2025-10-01T12:37:36+00:00\",\"description\":\"F\u00e5 hj\u00e6lp, n\u00e5r du har brug for det. Alunta kundeservice svarer p\u00e5 under 5 timer og hj\u00e6lper dig hurtigt i gang med abonnementssystemet.\",\"breadcrumb\":{\"@id\":\"https:\/\/alunta.com\/da\/kundeservice-i-alunta\/#breadcrumb\"},\"inLanguage\":\"da-DK\",\"potentialAction\":[{\"@type\":\"ReadAction\",\"target\":[\"https:\/\/alunta.com\/da\/kundeservice-i-alunta\/\"]}]},{\"@type\":\"BreadcrumbList\",\"@id\":\"https:\/\/alunta.com\/da\/kundeservice-i-alunta\/#breadcrumb\",\"itemListElement\":[{\"@type\":\"ListItem\",\"position\":1,\"name\":\"Home\",\"item\":\"https:\/\/alunta.com\/da\/\"},{\"@type\":\"ListItem\",\"position\":2,\"name\":\"Kundeservice i Alunta\"}]},{\"@type\":\"WebSite\",\"@id\":\"https:\/\/alunta.com\/da\/#website\",\"url\":\"https:\/\/alunta.com\/da\/\",\"name\":\"Alunta.com\",\"description\":\"Automatisk fakturering til service- og abonnementsvirksomheder\",\"publisher\":{\"@id\":\"https:\/\/alunta.com\/da\/#organization\"},\"potentialAction\":[{\"@type\":\"SearchAction\",\"target\":{\"@type\":\"EntryPoint\",\"urlTemplate\":\"https:\/\/alunta.com\/da\/?s={search_term_string}\"},\"query-input\":{\"@type\":\"PropertyValueSpecification\",\"valueRequired\":true,\"valueName\":\"search_term_string\"}}],\"inLanguage\":\"da-DK\"},{\"@type\":\"Organization\",\"@id\":\"https:\/\/alunta.com\/da\/#organization\",\"name\":\"Alunta.com\",\"alternateName\":\"Alunta\",\"url\":\"https:\/\/alunta.com\/da\/\",\"logo\":{\"@type\":\"ImageObject\",\"inLanguage\":\"da-DK\",\"@id\":\"https:\/\/alunta.com\/da\/#\/schema\/logo\/image\/\",\"url\":\"https:\/\/alunta.com\/wp-content\/uploads\/2025\/09\/cropped-alunta-favicon.png\",\"contentUrl\":\"https:\/\/alunta.com\/wp-content\/uploads\/2025\/09\/cropped-alunta-favicon.png\",\"width\":512,\"height\":512,\"caption\":\"Alunta.com\"},\"image\":{\"@id\":\"https:\/\/alunta.com\/da\/#\/schema\/logo\/image\/\"}}]}<\/script>\n<!-- \/ Yoast SEO plugin. -->","yoast_head_json":{"title":"Alunta kundeservice | Hurtig support og personlig hj\u00e6lp","description":"F\u00e5 hj\u00e6lp, n\u00e5r du har brug for det. Alunta kundeservice svarer p\u00e5 under 5 timer og hj\u00e6lper dig hurtigt i gang med abonnementssystemet.","robots":{"index":"index","follow":"follow","max-snippet":"max-snippet:-1","max-image-preview":"max-image-preview:large","max-video-preview":"max-video-preview:-1"},"canonical":"https:\/\/alunta.com\/da\/kundeservice-i-alunta\/","og_locale":"da_DK","og_type":"article","og_title":"Alunta kundeservice | Hurtig support og personlig hj\u00e6lp","og_description":"F\u00e5 hj\u00e6lp, n\u00e5r du har brug for det. Alunta kundeservice svarer p\u00e5 under 5 timer og hj\u00e6lper dig hurtigt i gang med abonnementssystemet.","og_url":"https:\/\/alunta.com\/da\/kundeservice-i-alunta\/","og_site_name":"Alunta","article_modified_time":"2025-10-01T12:37:36+00:00","og_image":[{"width":1391,"height":928,"url":"https:\/\/alunta.com\/wp-content\/uploads\/2025\/09\/alunta-com.jpg","type":"image\/jpeg"}],"twitter_card":"summary_large_image","twitter_misc":{"Estimeret l\u00e6setid":"4 minutter"},"schema":{"@context":"https:\/\/schema.org","@graph":[{"@type":"WebPage","@id":"https:\/\/alunta.com\/da\/kundeservice-i-alunta\/","url":"https:\/\/alunta.com\/da\/kundeservice-i-alunta\/","name":"Alunta kundeservice | Hurtig support og personlig hj\u00e6lp","isPartOf":{"@id":"https:\/\/alunta.com\/da\/#website"},"datePublished":"2025-10-01T12:35:51+00:00","dateModified":"2025-10-01T12:37:36+00:00","description":"F\u00e5 hj\u00e6lp, n\u00e5r du har brug for det. Alunta kundeservice svarer p\u00e5 under 5 timer og hj\u00e6lper dig hurtigt i gang med abonnementssystemet.","breadcrumb":{"@id":"https:\/\/alunta.com\/da\/kundeservice-i-alunta\/#breadcrumb"},"inLanguage":"da-DK","potentialAction":[{"@type":"ReadAction","target":["https:\/\/alunta.com\/da\/kundeservice-i-alunta\/"]}]},{"@type":"BreadcrumbList","@id":"https:\/\/alunta.com\/da\/kundeservice-i-alunta\/#breadcrumb","itemListElement":[{"@type":"ListItem","position":1,"name":"Home","item":"https:\/\/alunta.com\/da\/"},{"@type":"ListItem","position":2,"name":"Kundeservice i Alunta"}]},{"@type":"WebSite","@id":"https:\/\/alunta.com\/da\/#website","url":"https:\/\/alunta.com\/da\/","name":"Alunta.com","description":"Automatisk fakturering til service- og abonnementsvirksomheder","publisher":{"@id":"https:\/\/alunta.com\/da\/#organization"},"potentialAction":[{"@type":"SearchAction","target":{"@type":"EntryPoint","urlTemplate":"https:\/\/alunta.com\/da\/?s={search_term_string}"},"query-input":{"@type":"PropertyValueSpecification","valueRequired":true,"valueName":"search_term_string"}}],"inLanguage":"da-DK"},{"@type":"Organization","@id":"https:\/\/alunta.com\/da\/#organization","name":"Alunta.com","alternateName":"Alunta","url":"https:\/\/alunta.com\/da\/","logo":{"@type":"ImageObject","inLanguage":"da-DK","@id":"https:\/\/alunta.com\/da\/#\/schema\/logo\/image\/","url":"https:\/\/alunta.com\/wp-content\/uploads\/2025\/09\/cropped-alunta-favicon.png","contentUrl":"https:\/\/alunta.com\/wp-content\/uploads\/2025\/09\/cropped-alunta-favicon.png","width":512,"height":512,"caption":"Alunta.com"},"image":{"@id":"https:\/\/alunta.com\/da\/#\/schema\/logo\/image\/"}}]}},"_links":{"self":[{"href":"https:\/\/alunta.com\/da\/wp-json\/wp\/v2\/pages\/5792","targetHints":{"allow":["GET"]}}],"collection":[{"href":"https:\/\/alunta.com\/da\/wp-json\/wp\/v2\/pages"}],"about":[{"href":"https:\/\/alunta.com\/da\/wp-json\/wp\/v2\/types\/page"}],"author":[{"embeddable":true,"href":"https:\/\/alunta.com\/da\/wp-json\/wp\/v2\/users\/5"}],"replies":[{"embeddable":true,"href":"https:\/\/alunta.com\/da\/wp-json\/wp\/v2\/comments?post=5792"}],"version-history":[{"count":2,"href":"https:\/\/alunta.com\/da\/wp-json\/wp\/v2\/pages\/5792\/revisions"}],"predecessor-version":[{"id":5794,"href":"https:\/\/alunta.com\/da\/wp-json\/wp\/v2\/pages\/5792\/revisions\/5794"}],"wp:attachment":[{"href":"https:\/\/alunta.com\/da\/wp-json\/wp\/v2\/media?parent=5792"}],"curies":[{"name":"wp","href":"https:\/\/api.w.org\/{rel}","templated":true}]}}