{"id":6302,"date":"2025-11-28T09:55:41","date_gmt":"2025-11-28T09:55:41","guid":{"rendered":"https:\/\/alunta.com\/?page_id=6302"},"modified":"2025-12-15T07:23:40","modified_gmt":"2025-12-15T07:23:40","slug":"alunta-er-lavet-til-bogholdere-der-elsker-korrekt-bogfoering-og-regnskab","status":"publish","type":"page","link":"https:\/\/alunta.com\/da\/alunta-er-lavet-til-bogholdere-der-elsker-korrekt-bogfoering-og-regnskab\/","title":{"rendered":"Alunta er lavet til bogholdere, der elsker korrekt bogf\u00f8ring og regnskab"},"content":{"rendered":"","protected":false},"excerpt":{"rendered":"","protected":false},"author":5,"featured_media":5169,"parent":0,"menu_order":0,"comment_status":"closed","ping_status":"closed","template":"","meta":{"_acf_changed":false,"footnotes":""},"class_list":["post-6302","page","type-page","status-publish","has-post-thumbnail","hentry"],"acf":[],"yoast_head":"<!-- This site is optimized with the Yoast SEO plugin v27.3 - https:\/\/yoast.com\/product\/yoast-seo-wordpress\/ -->\n<title>Alunta for bogholdere \u2013 automatiseret korrekt bogf\u00f8ring<\/title>\n<meta name=\"description\" content=\"Slut med manuelle Stripe-udtr\u00e6k og upr\u00e6cise oms\u00e6tningsposter. Alunta leverer korrekte bogf\u00f8ringer til e-conomic \u2013 helt ned p\u00e5 kundeniveau.\" \/>\n<meta name=\"robots\" content=\"index, follow, max-snippet:-1, max-image-preview:large, max-video-preview:-1\" \/>\n<link rel=\"canonical\" href=\"https:\/\/alunta.com\/da\/alunta-er-lavet-til-bogholdere-der-elsker-korrekt-bogfoering-og-regnskab\/\" \/>\n<meta property=\"og:locale\" content=\"da_DK\" \/>\n<meta property=\"og:type\" content=\"article\" \/>\n<meta property=\"og:title\" content=\"Alunta for bogholdere \u2013 automatiseret korrekt bogf\u00f8ring\" \/>\n<meta property=\"og:description\" content=\"Slut med manuelle Stripe-udtr\u00e6k og upr\u00e6cise oms\u00e6tningsposter. Alunta leverer korrekte bogf\u00f8ringer til e-conomic \u2013 helt ned p\u00e5 kundeniveau.\" \/>\n<meta property=\"og:url\" content=\"https:\/\/alunta.com\/da\/alunta-er-lavet-til-bogholdere-der-elsker-korrekt-bogfoering-og-regnskab\/\" \/>\n<meta property=\"og:site_name\" content=\"Alunta\" \/>\n<meta property=\"article:modified_time\" content=\"2025-12-15T07:23:40+00:00\" \/>\n<meta property=\"og:image\" content=\"https:\/\/alunta.com\/wp-content\/uploads\/2025\/01\/alunta_opret_ny_virksomhed_1_25.jpeg\" \/>\n\t<meta property=\"og:image:width\" content=\"1752\" \/>\n\t<meta property=\"og:image:height\" content=\"1168\" \/>\n\t<meta property=\"og:image:type\" content=\"image\/jpeg\" \/>\n<meta name=\"twitter:card\" content=\"summary_large_image\" \/>\n<meta name=\"twitter:label1\" content=\"Estimeret l\u00e6setid\" \/>\n\t<meta name=\"twitter:data1\" content=\"6 minutter\" \/>\n<script type=\"application\/ld+json\" class=\"yoast-schema-graph\">{\"@context\":\"https:\\\/\\\/schema.org\",\"@graph\":[{\"@type\":\"WebPage\",\"@id\":\"https:\\\/\\\/alunta.com\\\/da\\\/alunta-er-lavet-til-bogholdere-der-elsker-korrekt-bogfoering-og-regnskab\\\/\",\"url\":\"https:\\\/\\\/alunta.com\\\/da\\\/alunta-er-lavet-til-bogholdere-der-elsker-korrekt-bogfoering-og-regnskab\\\/\",\"name\":\"Alunta for bogholdere \u2013 automatiseret korrekt bogf\u00f8ring\",\"isPartOf\":{\"@id\":\"https:\\\/\\\/alunta.com\\\/da\\\/#website\"},\"primaryImageOfPage\":{\"@id\":\"https:\\\/\\\/alunta.com\\\/da\\\/alunta-er-lavet-til-bogholdere-der-elsker-korrekt-bogfoering-og-regnskab\\\/#primaryimage\"},\"image\":{\"@id\":\"https:\\\/\\\/alunta.com\\\/da\\\/alunta-er-lavet-til-bogholdere-der-elsker-korrekt-bogfoering-og-regnskab\\\/#primaryimage\"},\"thumbnailUrl\":\"https:\\\/\\\/alunta.com\\\/wp-content\\\/uploads\\\/2025\\\/01\\\/alunta_opret_ny_virksomhed_1_25.jpeg\",\"datePublished\":\"2025-11-28T09:55:41+00:00\",\"dateModified\":\"2025-12-15T07:23:40+00:00\",\"description\":\"Slut med manuelle Stripe-udtr\u00e6k og upr\u00e6cise oms\u00e6tningsposter. Alunta leverer korrekte bogf\u00f8ringer til e-conomic \u2013 helt ned p\u00e5 kundeniveau.\",\"breadcrumb\":{\"@id\":\"https:\\\/\\\/alunta.com\\\/da\\\/alunta-er-lavet-til-bogholdere-der-elsker-korrekt-bogfoering-og-regnskab\\\/#breadcrumb\"},\"inLanguage\":\"da-DK\",\"potentialAction\":[{\"@type\":\"ReadAction\",\"target\":[\"https:\\\/\\\/alunta.com\\\/da\\\/alunta-er-lavet-til-bogholdere-der-elsker-korrekt-bogfoering-og-regnskab\\\/\"]}]},{\"@type\":\"ImageObject\",\"inLanguage\":\"da-DK\",\"@id\":\"https:\\\/\\\/alunta.com\\\/da\\\/alunta-er-lavet-til-bogholdere-der-elsker-korrekt-bogfoering-og-regnskab\\\/#primaryimage\",\"url\":\"https:\\\/\\\/alunta.com\\\/wp-content\\\/uploads\\\/2025\\\/01\\\/alunta_opret_ny_virksomhed_1_25.jpeg\",\"contentUrl\":\"https:\\\/\\\/alunta.com\\\/wp-content\\\/uploads\\\/2025\\\/01\\\/alunta_opret_ny_virksomhed_1_25.jpeg\",\"width\":1752,\"height\":1168,\"caption\":\"Her oprettes en ny virksomhed i Alunta p\u00e5 PC\"},{\"@type\":\"BreadcrumbList\",\"@id\":\"https:\\\/\\\/alunta.com\\\/da\\\/alunta-er-lavet-til-bogholdere-der-elsker-korrekt-bogfoering-og-regnskab\\\/#breadcrumb\",\"itemListElement\":[{\"@type\":\"ListItem\",\"position\":1,\"name\":\"Home\",\"item\":\"https:\\\/\\\/alunta.com\\\/da\\\/\"},{\"@type\":\"ListItem\",\"position\":2,\"name\":\"Alunta er lavet til bogholdere, der elsker korrekt bogf\u00f8ring og regnskab\"}]},{\"@type\":\"WebSite\",\"@id\":\"https:\\\/\\\/alunta.com\\\/da\\\/#website\",\"url\":\"https:\\\/\\\/alunta.com\\\/da\\\/\",\"name\":\"Alunta.com\",\"description\":\"Automatisk fakturering til service- og abonnementsvirksomheder\",\"publisher\":{\"@id\":\"https:\\\/\\\/alunta.com\\\/da\\\/#organization\"},\"potentialAction\":[{\"@type\":\"SearchAction\",\"target\":{\"@type\":\"EntryPoint\",\"urlTemplate\":\"https:\\\/\\\/alunta.com\\\/da\\\/?s={search_term_string}\"},\"query-input\":{\"@type\":\"PropertyValueSpecification\",\"valueRequired\":true,\"valueName\":\"search_term_string\"}}],\"inLanguage\":\"da-DK\"},{\"@type\":\"Organization\",\"@id\":\"https:\\\/\\\/alunta.com\\\/da\\\/#organization\",\"name\":\"Alunta.com\",\"alternateName\":\"Alunta\",\"url\":\"https:\\\/\\\/alunta.com\\\/da\\\/\",\"logo\":{\"@type\":\"ImageObject\",\"@id\":\"https:\\\/\\\/alunta.com\\\/da\\\/#logo\",\"url\":\"https:\\\/\\\/alunta.com\\\/wp-content\\\/uploads\\\/2025\\\/09\\\/Alunta-2.png\",\"contentUrl\":\"https:\\\/\\\/alunta.com\\\/wp-content\\\/uploads\\\/2025\\\/09\\\/Alunta-2.png\",\"caption\":\"Alunta\",\"inLanguage\":\"da-DK\"},\"image\":{\"@id\":\"https:\\\/\\\/alunta.com\\\/da\\\/#logo\"},\"description\":\"Alunta er et dansk abonnementssystem der automatiserer fakturering, betalinger, rykning og regnskab for abonnementsvirksomheder.\",\"address\":{\"@type\":\"PostalAddress\",\"addressLocality\":\"Copenhagen\",\"addressCountry\":\"DK\"},\"contactPoint\":{\"@type\":\"ContactPoint\",\"email\":\"kontakt@alunta.com\",\"contactType\":\"customer service\",\"availableLanguage\":[\"Danish\",\"English\"]},\"sameAs\":[\"https:\\\/\\\/www.linkedin.com\\\/company\\\/alunta\"]}]}<\/script>\n<!-- \/ Yoast SEO plugin. -->","yoast_head_json":{"title":"Alunta for bogholdere \u2013 automatiseret korrekt bogf\u00f8ring","description":"Slut med manuelle Stripe-udtr\u00e6k og upr\u00e6cise oms\u00e6tningsposter. Alunta leverer korrekte bogf\u00f8ringer til e-conomic \u2013 helt ned p\u00e5 kundeniveau.","robots":{"index":"index","follow":"follow","max-snippet":"max-snippet:-1","max-image-preview":"max-image-preview:large","max-video-preview":"max-video-preview:-1"},"canonical":"https:\/\/alunta.com\/da\/alunta-er-lavet-til-bogholdere-der-elsker-korrekt-bogfoering-og-regnskab\/","og_locale":"da_DK","og_type":"article","og_title":"Alunta for bogholdere \u2013 automatiseret korrekt bogf\u00f8ring","og_description":"Slut med manuelle Stripe-udtr\u00e6k og upr\u00e6cise oms\u00e6tningsposter. Alunta leverer korrekte bogf\u00f8ringer til e-conomic \u2013 helt ned p\u00e5 kundeniveau.","og_url":"https:\/\/alunta.com\/da\/alunta-er-lavet-til-bogholdere-der-elsker-korrekt-bogfoering-og-regnskab\/","og_site_name":"Alunta","article_modified_time":"2025-12-15T07:23:40+00:00","og_image":[{"width":1752,"height":1168,"url":"https:\/\/alunta.com\/wp-content\/uploads\/2025\/01\/alunta_opret_ny_virksomhed_1_25.jpeg","type":"image\/jpeg"}],"twitter_card":"summary_large_image","twitter_misc":{"Estimeret l\u00e6setid":"6 minutter"},"schema":{"@context":"https:\/\/schema.org","@graph":[{"@type":"WebPage","@id":"https:\/\/alunta.com\/da\/alunta-er-lavet-til-bogholdere-der-elsker-korrekt-bogfoering-og-regnskab\/","url":"https:\/\/alunta.com\/da\/alunta-er-lavet-til-bogholdere-der-elsker-korrekt-bogfoering-og-regnskab\/","name":"Alunta for bogholdere \u2013 automatiseret korrekt bogf\u00f8ring","isPartOf":{"@id":"https:\/\/alunta.com\/da\/#website"},"primaryImageOfPage":{"@id":"https:\/\/alunta.com\/da\/alunta-er-lavet-til-bogholdere-der-elsker-korrekt-bogfoering-og-regnskab\/#primaryimage"},"image":{"@id":"https:\/\/alunta.com\/da\/alunta-er-lavet-til-bogholdere-der-elsker-korrekt-bogfoering-og-regnskab\/#primaryimage"},"thumbnailUrl":"https:\/\/alunta.com\/wp-content\/uploads\/2025\/01\/alunta_opret_ny_virksomhed_1_25.jpeg","datePublished":"2025-11-28T09:55:41+00:00","dateModified":"2025-12-15T07:23:40+00:00","description":"Slut med manuelle Stripe-udtr\u00e6k og upr\u00e6cise oms\u00e6tningsposter. Alunta leverer korrekte bogf\u00f8ringer til e-conomic \u2013 helt ned p\u00e5 kundeniveau.","breadcrumb":{"@id":"https:\/\/alunta.com\/da\/alunta-er-lavet-til-bogholdere-der-elsker-korrekt-bogfoering-og-regnskab\/#breadcrumb"},"inLanguage":"da-DK","potentialAction":[{"@type":"ReadAction","target":["https:\/\/alunta.com\/da\/alunta-er-lavet-til-bogholdere-der-elsker-korrekt-bogfoering-og-regnskab\/"]}]},{"@type":"ImageObject","inLanguage":"da-DK","@id":"https:\/\/alunta.com\/da\/alunta-er-lavet-til-bogholdere-der-elsker-korrekt-bogfoering-og-regnskab\/#primaryimage","url":"https:\/\/alunta.com\/wp-content\/uploads\/2025\/01\/alunta_opret_ny_virksomhed_1_25.jpeg","contentUrl":"https:\/\/alunta.com\/wp-content\/uploads\/2025\/01\/alunta_opret_ny_virksomhed_1_25.jpeg","width":1752,"height":1168,"caption":"Her oprettes en ny virksomhed i Alunta p\u00e5 PC"},{"@type":"BreadcrumbList","@id":"https:\/\/alunta.com\/da\/alunta-er-lavet-til-bogholdere-der-elsker-korrekt-bogfoering-og-regnskab\/#breadcrumb","itemListElement":[{"@type":"ListItem","position":1,"name":"Home","item":"https:\/\/alunta.com\/da\/"},{"@type":"ListItem","position":2,"name":"Alunta er lavet til bogholdere, der elsker korrekt bogf\u00f8ring og regnskab"}]},{"@type":"WebSite","@id":"https:\/\/alunta.com\/da\/#website","url":"https:\/\/alunta.com\/da\/","name":"Alunta.com","description":"Automatisk fakturering til service- og abonnementsvirksomheder","publisher":{"@id":"https:\/\/alunta.com\/da\/#organization"},"potentialAction":[{"@type":"SearchAction","target":{"@type":"EntryPoint","urlTemplate":"https:\/\/alunta.com\/da\/?s={search_term_string}"},"query-input":{"@type":"PropertyValueSpecification","valueRequired":true,"valueName":"search_term_string"}}],"inLanguage":"da-DK"},{"@type":"Organization","@id":"https:\/\/alunta.com\/da\/#organization","name":"Alunta.com","alternateName":"Alunta","url":"https:\/\/alunta.com\/da\/","logo":{"@type":"ImageObject","@id":"https:\/\/alunta.com\/da\/#logo","url":"https:\/\/alunta.com\/wp-content\/uploads\/2025\/09\/Alunta-2.png","contentUrl":"https:\/\/alunta.com\/wp-content\/uploads\/2025\/09\/Alunta-2.png","caption":"Alunta","inLanguage":"da-DK"},"image":{"@id":"https:\/\/alunta.com\/da\/#logo"},"description":"Alunta er et dansk abonnementssystem der automatiserer fakturering, betalinger, rykning og regnskab for abonnementsvirksomheder.","address":{"@type":"PostalAddress","addressLocality":"Copenhagen","addressCountry":"DK"},"contactPoint":{"@type":"ContactPoint","email":"kontakt@alunta.com","contactType":"customer service","availableLanguage":["Danish","English"]},"sameAs":["https:\/\/www.linkedin.com\/company\/alunta"]}]}},"_links":{"self":[{"href":"https:\/\/alunta.com\/da\/wp-json\/wp\/v2\/pages\/6302","targetHints":{"allow":["GET"]}}],"collection":[{"href":"https:\/\/alunta.com\/da\/wp-json\/wp\/v2\/pages"}],"about":[{"href":"https:\/\/alunta.com\/da\/wp-json\/wp\/v2\/types\/page"}],"author":[{"embeddable":true,"href":"https:\/\/alunta.com\/da\/wp-json\/wp\/v2\/users\/5"}],"replies":[{"embeddable":true,"href":"https:\/\/alunta.com\/da\/wp-json\/wp\/v2\/comments?post=6302"}],"version-history":[{"count":14,"href":"https:\/\/alunta.com\/da\/wp-json\/wp\/v2\/pages\/6302\/revisions"}],"predecessor-version":[{"id":6521,"href":"https:\/\/alunta.com\/da\/wp-json\/wp\/v2\/pages\/6302\/revisions\/6521"}],"wp:featuredmedia":[{"embeddable":true,"href":"https:\/\/alunta.com\/da\/wp-json\/wp\/v2\/media\/5169"}],"wp:attachment":[{"href":"https:\/\/alunta.com\/da\/wp-json\/wp\/v2\/media?parent=6302"}],"curies":[{"name":"wp","href":"https:\/\/api.w.org\/{rel}","templated":true}]}}