{"id":649,"date":"2020-05-20T21:27:10","date_gmt":"2020-05-20T21:27:10","guid":{"rendered":"https:\/\/triptale.net\/front-page\/"},"modified":"2026-03-17T09:29:24","modified_gmt":"2026-03-17T09:29:24","slug":"abonnementssystem","status":"publish","type":"page","link":"https:\/\/alunta.com\/da\/","title":{"rendered":"Forside"},"content":{"rendered":"<p>This is the front page<\/p>\n\n\n<p><\/p>\n","protected":false},"excerpt":{"rendered":"<p>This is the front page<\/p>\n","protected":false},"author":2,"featured_media":0,"parent":0,"menu_order":0,"comment_status":"closed","ping_status":"closed","template":"page-templates\/front-page.php","meta":{"_acf_changed":false,"footnotes":""},"class_list":["post-649","page","type-page","status-publish","hentry"],"acf":[],"yoast_head":"<!-- This site is optimized with the Yoast SEO plugin v27.3 - https:\/\/yoast.com\/product\/yoast-seo-wordpress\/ -->\n<title>Smart h\u00e5ndtering af abonnementer og serviceaftaler | Pr\u00f8v gratis<\/title>\n<meta name=\"description\" content=\"Opret en gratis konto og oplev, hvordan du kan f\u00e5 en smart h\u00e5ndtering af abonnementer og serviceaftaler. 100% gratis og ingen binding.\" \/>\n<meta name=\"robots\" content=\"index, follow, max-snippet:-1, max-image-preview:large, max-video-preview:-1\" \/>\n<link rel=\"canonical\" href=\"https:\/\/alunta.com\/da\/\" \/>\n<meta property=\"og:locale\" content=\"da_DK\" \/>\n<meta property=\"og:type\" content=\"article\" \/>\n<meta property=\"og:title\" content=\"Smart h\u00e5ndtering af abonnementer og serviceaftaler | Pr\u00f8v gratis\" \/>\n<meta property=\"og:description\" content=\"Opret en gratis konto og oplev, hvordan du kan f\u00e5 en smart h\u00e5ndtering af abonnementer og serviceaftaler. 100% gratis og ingen binding.\" \/>\n<meta property=\"og:url\" content=\"https:\/\/alunta.com\/da\/\" \/>\n<meta property=\"og:site_name\" content=\"Alunta\" \/>\n<meta property=\"article:modified_time\" content=\"2026-03-17T09:29:24+00:00\" \/>\n<meta property=\"og:image\" content=\"https:\/\/alunta.com\/wp-content\/uploads\/2025\/09\/alunta-com.jpg\" \/>\n\t<meta property=\"og:image:width\" content=\"1391\" \/>\n\t<meta property=\"og:image:height\" content=\"928\" \/>\n\t<meta property=\"og:image:type\" content=\"image\/jpeg\" \/>\n<meta name=\"twitter:card\" content=\"summary_large_image\" \/>\n<meta name=\"twitter:label1\" content=\"Estimeret l\u00e6setid\" \/>\n\t<meta name=\"twitter:data1\" content=\"8 minutter\" \/>\n<script type=\"application\/ld+json\" class=\"yoast-schema-graph\">{\"@context\":\"https:\\\/\\\/schema.org\",\"@graph\":[{\"@type\":\"WebPage\",\"@id\":\"https:\\\/\\\/alunta.com\\\/da\\\/\",\"url\":\"https:\\\/\\\/alunta.com\\\/da\\\/\",\"name\":\"Smart h\u00e5ndtering af abonnementer og serviceaftaler | Pr\u00f8v gratis\",\"isPartOf\":{\"@id\":\"https:\\\/\\\/alunta.com\\\/da\\\/#website\"},\"datePublished\":\"2020-05-20T21:27:10+00:00\",\"dateModified\":\"2026-03-17T09:29:24+00:00\",\"description\":\"Opret en gratis konto og oplev, hvordan du kan f\u00e5 en smart h\u00e5ndtering af abonnementer og serviceaftaler. 100% gratis og ingen binding.\",\"breadcrumb\":{\"@id\":\"https:\\\/\\\/alunta.com\\\/da\\\/#breadcrumb\"},\"inLanguage\":\"da-DK\",\"potentialAction\":[{\"@type\":\"ReadAction\",\"target\":[\"https:\\\/\\\/alunta.com\\\/da\\\/\"]}]},{\"@type\":\"BreadcrumbList\",\"@id\":\"https:\\\/\\\/alunta.com\\\/da\\\/#breadcrumb\",\"itemListElement\":[{\"@type\":\"ListItem\",\"position\":1,\"name\":\"Home\",\"item\":\"https:\\\/\\\/alunta.com\\\/da\\\/\"},{\"@type\":\"ListItem\",\"position\":2,\"name\":\"Forside\"}]},{\"@type\":\"WebSite\",\"@id\":\"https:\\\/\\\/alunta.com\\\/da\\\/#website\",\"url\":\"https:\\\/\\\/alunta.com\\\/da\\\/\",\"name\":\"Alunta.com\",\"description\":\"Automatisk fakturering til service- og abonnementsvirksomheder\",\"publisher\":{\"@id\":\"https:\\\/\\\/alunta.com\\\/da\\\/#organization\"},\"potentialAction\":[{\"@type\":\"SearchAction\",\"target\":{\"@type\":\"EntryPoint\",\"urlTemplate\":\"https:\\\/\\\/alunta.com\\\/da\\\/?s={search_term_string}\"},\"query-input\":{\"@type\":\"PropertyValueSpecification\",\"valueRequired\":true,\"valueName\":\"search_term_string\"}}],\"inLanguage\":\"da-DK\"},{\"@type\":\"Organization\",\"@id\":\"https:\\\/\\\/alunta.com\\\/da\\\/#organization\",\"name\":\"Alunta.com\",\"alternateName\":\"Alunta\",\"url\":\"https:\\\/\\\/alunta.com\\\/da\\\/\",\"logo\":{\"@type\":\"ImageObject\",\"@id\":\"https:\\\/\\\/alunta.com\\\/da\\\/#logo\",\"url\":\"https:\\\/\\\/alunta.com\\\/wp-content\\\/uploads\\\/2025\\\/09\\\/Alunta-2.png\",\"contentUrl\":\"https:\\\/\\\/alunta.com\\\/wp-content\\\/uploads\\\/2025\\\/09\\\/Alunta-2.png\",\"caption\":\"Alunta\",\"inLanguage\":\"da-DK\"},\"image\":{\"@id\":\"https:\\\/\\\/alunta.com\\\/da\\\/#logo\"},\"description\":\"Alunta er et dansk abonnementssystem der automatiserer fakturering, betalinger, rykning og regnskab for abonnementsvirksomheder.\",\"address\":{\"@type\":\"PostalAddress\",\"addressLocality\":\"Copenhagen\",\"addressCountry\":\"DK\"},\"contactPoint\":{\"@type\":\"ContactPoint\",\"email\":\"kontakt@alunta.com\",\"contactType\":\"customer service\",\"availableLanguage\":[\"Danish\",\"English\"]},\"sameAs\":[\"https:\\\/\\\/www.linkedin.com\\\/company\\\/alunta\"]}]}<\/script>\n<!-- \/ Yoast SEO plugin. -->","yoast_head_json":{"title":"Smart h\u00e5ndtering af abonnementer og serviceaftaler | Pr\u00f8v gratis","description":"Opret en gratis konto og oplev, hvordan du kan f\u00e5 en smart h\u00e5ndtering af abonnementer og serviceaftaler. 100% gratis og ingen binding.","robots":{"index":"index","follow":"follow","max-snippet":"max-snippet:-1","max-image-preview":"max-image-preview:large","max-video-preview":"max-video-preview:-1"},"canonical":"https:\/\/alunta.com\/da\/","og_locale":"da_DK","og_type":"article","og_title":"Smart h\u00e5ndtering af abonnementer og serviceaftaler | Pr\u00f8v gratis","og_description":"Opret en gratis konto og oplev, hvordan du kan f\u00e5 en smart h\u00e5ndtering af abonnementer og serviceaftaler. 100% gratis og ingen binding.","og_url":"https:\/\/alunta.com\/da\/","og_site_name":"Alunta","article_modified_time":"2026-03-17T09:29:24+00:00","og_image":[{"width":1391,"height":928,"url":"https:\/\/alunta.com\/wp-content\/uploads\/2025\/09\/alunta-com.jpg","type":"image\/jpeg"}],"twitter_card":"summary_large_image","twitter_misc":{"Estimeret l\u00e6setid":"8 minutter"},"schema":{"@context":"https:\/\/schema.org","@graph":[{"@type":"WebPage","@id":"https:\/\/alunta.com\/da\/","url":"https:\/\/alunta.com\/da\/","name":"Smart h\u00e5ndtering af abonnementer og serviceaftaler | Pr\u00f8v gratis","isPartOf":{"@id":"https:\/\/alunta.com\/da\/#website"},"datePublished":"2020-05-20T21:27:10+00:00","dateModified":"2026-03-17T09:29:24+00:00","description":"Opret en gratis konto og oplev, hvordan du kan f\u00e5 en smart h\u00e5ndtering af abonnementer og serviceaftaler. 100% gratis og ingen binding.","breadcrumb":{"@id":"https:\/\/alunta.com\/da\/#breadcrumb"},"inLanguage":"da-DK","potentialAction":[{"@type":"ReadAction","target":["https:\/\/alunta.com\/da\/"]}]},{"@type":"BreadcrumbList","@id":"https:\/\/alunta.com\/da\/#breadcrumb","itemListElement":[{"@type":"ListItem","position":1,"name":"Home","item":"https:\/\/alunta.com\/da\/"},{"@type":"ListItem","position":2,"name":"Forside"}]},{"@type":"WebSite","@id":"https:\/\/alunta.com\/da\/#website","url":"https:\/\/alunta.com\/da\/","name":"Alunta.com","description":"Automatisk fakturering til service- og abonnementsvirksomheder","publisher":{"@id":"https:\/\/alunta.com\/da\/#organization"},"potentialAction":[{"@type":"SearchAction","target":{"@type":"EntryPoint","urlTemplate":"https:\/\/alunta.com\/da\/?s={search_term_string}"},"query-input":{"@type":"PropertyValueSpecification","valueRequired":true,"valueName":"search_term_string"}}],"inLanguage":"da-DK"},{"@type":"Organization","@id":"https:\/\/alunta.com\/da\/#organization","name":"Alunta.com","alternateName":"Alunta","url":"https:\/\/alunta.com\/da\/","logo":{"@type":"ImageObject","@id":"https:\/\/alunta.com\/da\/#logo","url":"https:\/\/alunta.com\/wp-content\/uploads\/2025\/09\/Alunta-2.png","contentUrl":"https:\/\/alunta.com\/wp-content\/uploads\/2025\/09\/Alunta-2.png","caption":"Alunta","inLanguage":"da-DK"},"image":{"@id":"https:\/\/alunta.com\/da\/#logo"},"description":"Alunta er et dansk abonnementssystem der automatiserer fakturering, betalinger, rykning og regnskab for abonnementsvirksomheder.","address":{"@type":"PostalAddress","addressLocality":"Copenhagen","addressCountry":"DK"},"contactPoint":{"@type":"ContactPoint","email":"kontakt@alunta.com","contactType":"customer service","availableLanguage":["Danish","English"]},"sameAs":["https:\/\/www.linkedin.com\/company\/alunta"]}]}},"_links":{"self":[{"href":"https:\/\/alunta.com\/da\/wp-json\/wp\/v2\/pages\/649","targetHints":{"allow":["GET"]}}],"collection":[{"href":"https:\/\/alunta.com\/da\/wp-json\/wp\/v2\/pages"}],"about":[{"href":"https:\/\/alunta.com\/da\/wp-json\/wp\/v2\/types\/page"}],"author":[{"embeddable":true,"href":"https:\/\/alunta.com\/da\/wp-json\/wp\/v2\/users\/2"}],"replies":[{"embeddable":true,"href":"https:\/\/alunta.com\/da\/wp-json\/wp\/v2\/comments?post=649"}],"version-history":[{"count":260,"href":"https:\/\/alunta.com\/da\/wp-json\/wp\/v2\/pages\/649\/revisions"}],"predecessor-version":[{"id":6811,"href":"https:\/\/alunta.com\/da\/wp-json\/wp\/v2\/pages\/649\/revisions\/6811"}],"wp:attachment":[{"href":"https:\/\/alunta.com\/da\/wp-json\/wp\/v2\/media?parent=649"}],"curies":[{"name":"wp","href":"https:\/\/api.w.org\/{rel}","templated":true}]}}