{"id":6795,"date":"2026-03-03T09:18:18","date_gmt":"2026-03-03T09:18:18","guid":{"rendered":"https:\/\/alunta.com\/?page_id=6795"},"modified":"2026-03-09T08:41:23","modified_gmt":"2026-03-09T08:41:23","slug":"kundehistorier","status":"publish","type":"page","link":"https:\/\/alunta.com\/da\/kundehistorier\/","title":{"rendered":"Kundehistorier"},"content":{"rendered":"","protected":false},"excerpt":{"rendered":"","protected":false},"author":5,"featured_media":0,"parent":0,"menu_order":0,"comment_status":"closed","ping_status":"closed","template":"","meta":{"_acf_changed":false,"footnotes":""},"class_list":["post-6795","page","type-page","status-publish","hentry"],"acf":[],"yoast_head":"<!-- This site is optimized with the Yoast SEO plugin v27.3 - https:\/\/yoast.com\/product\/yoast-seo-wordpress\/ -->\n<title>Se alle kundehistorier og omtaler Alunta har f\u00e5et<\/title>\n<meta name=\"description\" content=\"Social proof er utroligt vigtigt for en software as a service virksomhed. Her kan du l\u00e6se den omtale Alunta har f\u00e5et af sine kunder.\" \/>\n<meta name=\"robots\" content=\"index, follow, max-snippet:-1, max-image-preview:large, max-video-preview:-1\" \/>\n<link rel=\"canonical\" href=\"https:\/\/alunta.com\/da\/kundehistorier\/\" \/>\n<meta property=\"og:locale\" content=\"da_DK\" \/>\n<meta property=\"og:type\" content=\"article\" \/>\n<meta property=\"og:title\" content=\"Se alle kundehistorier og omtaler Alunta har f\u00e5et\" \/>\n<meta property=\"og:description\" content=\"Social proof er utroligt vigtigt for en software as a service virksomhed. Her kan du l\u00e6se den omtale Alunta har f\u00e5et af sine kunder.\" \/>\n<meta property=\"og:url\" content=\"https:\/\/alunta.com\/da\/kundehistorier\/\" \/>\n<meta property=\"og:site_name\" content=\"Alunta\" \/>\n<meta property=\"article:modified_time\" content=\"2026-03-09T08:41:23+00:00\" \/>\n<meta property=\"og:image\" content=\"https:\/\/alunta.com\/wp-content\/uploads\/2025\/09\/alunta-com.jpg\" \/>\n\t<meta property=\"og:image:width\" content=\"1391\" \/>\n\t<meta property=\"og:image:height\" content=\"928\" \/>\n\t<meta property=\"og:image:type\" content=\"image\/jpeg\" \/>\n<meta name=\"twitter:card\" content=\"summary_large_image\" \/>\n<meta name=\"twitter:label1\" content=\"Estimeret l\u00e6setid\" \/>\n\t<meta name=\"twitter:data1\" content=\"1 minut\" \/>\n<script type=\"application\/ld+json\" class=\"yoast-schema-graph\">{\"@context\":\"https:\\\/\\\/schema.org\",\"@graph\":[{\"@type\":\"WebPage\",\"@id\":\"https:\\\/\\\/alunta.com\\\/da\\\/kundehistorier\\\/\",\"url\":\"https:\\\/\\\/alunta.com\\\/da\\\/kundehistorier\\\/\",\"name\":\"Se alle kundehistorier og omtaler Alunta har f\u00e5et\",\"isPartOf\":{\"@id\":\"https:\\\/\\\/alunta.com\\\/da\\\/#website\"},\"datePublished\":\"2026-03-03T09:18:18+00:00\",\"dateModified\":\"2026-03-09T08:41:23+00:00\",\"description\":\"Social proof er utroligt vigtigt for en software as a service virksomhed. Her kan du l\u00e6se den omtale Alunta har f\u00e5et af sine kunder.\",\"breadcrumb\":{\"@id\":\"https:\\\/\\\/alunta.com\\\/da\\\/kundehistorier\\\/#breadcrumb\"},\"inLanguage\":\"da-DK\",\"potentialAction\":[{\"@type\":\"ReadAction\",\"target\":[\"https:\\\/\\\/alunta.com\\\/da\\\/kundehistorier\\\/\"]}]},{\"@type\":\"BreadcrumbList\",\"@id\":\"https:\\\/\\\/alunta.com\\\/da\\\/kundehistorier\\\/#breadcrumb\",\"itemListElement\":[{\"@type\":\"ListItem\",\"position\":1,\"name\":\"Home\",\"item\":\"https:\\\/\\\/alunta.com\\\/da\\\/\"},{\"@type\":\"ListItem\",\"position\":2,\"name\":\"Kundehistorier\"}]},{\"@type\":\"WebSite\",\"@id\":\"https:\\\/\\\/alunta.com\\\/da\\\/#website\",\"url\":\"https:\\\/\\\/alunta.com\\\/da\\\/\",\"name\":\"Alunta.com\",\"description\":\"Automatisk fakturering til service- og abonnementsvirksomheder\",\"publisher\":{\"@id\":\"https:\\\/\\\/alunta.com\\\/da\\\/#organization\"},\"potentialAction\":[{\"@type\":\"SearchAction\",\"target\":{\"@type\":\"EntryPoint\",\"urlTemplate\":\"https:\\\/\\\/alunta.com\\\/da\\\/?s={search_term_string}\"},\"query-input\":{\"@type\":\"PropertyValueSpecification\",\"valueRequired\":true,\"valueName\":\"search_term_string\"}}],\"inLanguage\":\"da-DK\"},{\"@type\":\"Organization\",\"@id\":\"https:\\\/\\\/alunta.com\\\/da\\\/#organization\",\"name\":\"Alunta.com\",\"alternateName\":\"Alunta\",\"url\":\"https:\\\/\\\/alunta.com\\\/da\\\/\",\"logo\":{\"@type\":\"ImageObject\",\"inLanguage\":\"da-DK\",\"@id\":\"https:\\\/\\\/alunta.com\\\/da\\\/#\\\/schema\\\/logo\\\/image\\\/\",\"url\":\"https:\\\/\\\/alunta.com\\\/wp-content\\\/uploads\\\/2025\\\/09\\\/cropped-alunta-favicon.png\",\"contentUrl\":\"https:\\\/\\\/alunta.com\\\/wp-content\\\/uploads\\\/2025\\\/09\\\/cropped-alunta-favicon.png\",\"width\":512,\"height\":512,\"caption\":\"Alunta.com\"},\"image\":{\"@id\":\"https:\\\/\\\/alunta.com\\\/da\\\/#\\\/schema\\\/logo\\\/image\\\/\"}}]}<\/script>\n<!-- \/ Yoast SEO plugin. -->","yoast_head_json":{"title":"Se alle kundehistorier og omtaler Alunta har f\u00e5et","description":"Social proof er utroligt vigtigt for en software as a service virksomhed. Her kan du l\u00e6se den omtale Alunta har f\u00e5et af sine kunder.","robots":{"index":"index","follow":"follow","max-snippet":"max-snippet:-1","max-image-preview":"max-image-preview:large","max-video-preview":"max-video-preview:-1"},"canonical":"https:\/\/alunta.com\/da\/kundehistorier\/","og_locale":"da_DK","og_type":"article","og_title":"Se alle kundehistorier og omtaler Alunta har f\u00e5et","og_description":"Social proof er utroligt vigtigt for en software as a service virksomhed. Her kan du l\u00e6se den omtale Alunta har f\u00e5et af sine kunder.","og_url":"https:\/\/alunta.com\/da\/kundehistorier\/","og_site_name":"Alunta","article_modified_time":"2026-03-09T08:41:23+00:00","og_image":[{"width":1391,"height":928,"url":"https:\/\/alunta.com\/wp-content\/uploads\/2025\/09\/alunta-com.jpg","type":"image\/jpeg"}],"twitter_card":"summary_large_image","twitter_misc":{"Estimeret l\u00e6setid":"1 minut"},"schema":{"@context":"https:\/\/schema.org","@graph":[{"@type":"WebPage","@id":"https:\/\/alunta.com\/da\/kundehistorier\/","url":"https:\/\/alunta.com\/da\/kundehistorier\/","name":"Se alle kundehistorier og omtaler Alunta har f\u00e5et","isPartOf":{"@id":"https:\/\/alunta.com\/da\/#website"},"datePublished":"2026-03-03T09:18:18+00:00","dateModified":"2026-03-09T08:41:23+00:00","description":"Social proof er utroligt vigtigt for en software as a service virksomhed. Her kan du l\u00e6se den omtale Alunta har f\u00e5et af sine kunder.","breadcrumb":{"@id":"https:\/\/alunta.com\/da\/kundehistorier\/#breadcrumb"},"inLanguage":"da-DK","potentialAction":[{"@type":"ReadAction","target":["https:\/\/alunta.com\/da\/kundehistorier\/"]}]},{"@type":"BreadcrumbList","@id":"https:\/\/alunta.com\/da\/kundehistorier\/#breadcrumb","itemListElement":[{"@type":"ListItem","position":1,"name":"Home","item":"https:\/\/alunta.com\/da\/"},{"@type":"ListItem","position":2,"name":"Kundehistorier"}]},{"@type":"WebSite","@id":"https:\/\/alunta.com\/da\/#website","url":"https:\/\/alunta.com\/da\/","name":"Alunta.com","description":"Automatisk fakturering til service- og abonnementsvirksomheder","publisher":{"@id":"https:\/\/alunta.com\/da\/#organization"},"potentialAction":[{"@type":"SearchAction","target":{"@type":"EntryPoint","urlTemplate":"https:\/\/alunta.com\/da\/?s={search_term_string}"},"query-input":{"@type":"PropertyValueSpecification","valueRequired":true,"valueName":"search_term_string"}}],"inLanguage":"da-DK"},{"@type":"Organization","@id":"https:\/\/alunta.com\/da\/#organization","name":"Alunta.com","alternateName":"Alunta","url":"https:\/\/alunta.com\/da\/","logo":{"@type":"ImageObject","inLanguage":"da-DK","@id":"https:\/\/alunta.com\/da\/#\/schema\/logo\/image\/","url":"https:\/\/alunta.com\/wp-content\/uploads\/2025\/09\/cropped-alunta-favicon.png","contentUrl":"https:\/\/alunta.com\/wp-content\/uploads\/2025\/09\/cropped-alunta-favicon.png","width":512,"height":512,"caption":"Alunta.com"},"image":{"@id":"https:\/\/alunta.com\/da\/#\/schema\/logo\/image\/"}}]}},"_links":{"self":[{"href":"https:\/\/alunta.com\/da\/wp-json\/wp\/v2\/pages\/6795","targetHints":{"allow":["GET"]}}],"collection":[{"href":"https:\/\/alunta.com\/da\/wp-json\/wp\/v2\/pages"}],"about":[{"href":"https:\/\/alunta.com\/da\/wp-json\/wp\/v2\/types\/page"}],"author":[{"embeddable":true,"href":"https:\/\/alunta.com\/da\/wp-json\/wp\/v2\/users\/5"}],"replies":[{"embeddable":true,"href":"https:\/\/alunta.com\/da\/wp-json\/wp\/v2\/comments?post=6795"}],"version-history":[{"count":2,"href":"https:\/\/alunta.com\/da\/wp-json\/wp\/v2\/pages\/6795\/revisions"}],"predecessor-version":[{"id":6806,"href":"https:\/\/alunta.com\/da\/wp-json\/wp\/v2\/pages\/6795\/revisions\/6806"}],"wp:attachment":[{"href":"https:\/\/alunta.com\/da\/wp-json\/wp\/v2\/media?parent=6795"}],"curies":[{"name":"wp","href":"https:\/\/api.w.org\/{rel}","templated":true}]}}