{"id":6834,"date":"2026-04-07T11:03:08","date_gmt":"2026-04-07T11:03:08","guid":{"rendered":"https:\/\/alunta.com\/faq\/"},"modified":"2026-04-07T11:03:08","modified_gmt":"2026-04-07T11:03:08","slug":"faq","status":"publish","type":"page","link":"https:\/\/alunta.com\/da\/faq\/","title":{"rendered":"FAQ"},"content":{"rendered":"","protected":false},"excerpt":{"rendered":"<p>Find svar p\u00e5 de mest almindelige sp\u00f8rgsm\u00e5l om Alunta, abonnementsstyring, fakturering, integrationer og meget mere.<\/p>\n","protected":false},"author":0,"featured_media":0,"parent":0,"menu_order":0,"comment_status":"closed","ping_status":"closed","template":"page-templates\/faq-page.php","meta":{"_acf_changed":false,"footnotes":""},"class_list":["post-6834","page","type-page","status-publish","hentry"],"acf":[],"yoast_head":"<!-- This site is optimized with the Yoast SEO plugin v27.3 - https:\/\/yoast.com\/product\/yoast-seo-wordpress\/ -->\n<title>FAQ - Alunta<\/title>\n<meta name=\"description\" content=\"Find svar p\u00e5 de mest almindelige sp\u00f8rgsm\u00e5l om Alunta, abonnementsstyring, fakturering, integrationer og meget mere.\" \/>\n<meta name=\"robots\" content=\"index, follow, max-snippet:-1, max-image-preview:large, max-video-preview:-1\" \/>\n<link rel=\"canonical\" href=\"https:\/\/alunta.com\/da\/faq\/\" \/>\n<meta property=\"og:locale\" content=\"da_DK\" \/>\n<meta property=\"og:type\" content=\"article\" \/>\n<meta property=\"og:title\" content=\"FAQ - Alunta\" \/>\n<meta property=\"og:description\" content=\"Find svar p\u00e5 de mest almindelige sp\u00f8rgsm\u00e5l om Alunta, abonnementsstyring, fakturering, integrationer og meget mere.\" \/>\n<meta property=\"og:url\" content=\"https:\/\/alunta.com\/da\/faq\/\" \/>\n<meta property=\"og:site_name\" content=\"Alunta\" \/>\n<meta property=\"og:image\" content=\"https:\/\/alunta.com\/wp-content\/uploads\/2025\/09\/alunta-com.jpg\" \/>\n\t<meta property=\"og:image:width\" content=\"1391\" \/>\n\t<meta property=\"og:image:height\" content=\"928\" \/>\n\t<meta property=\"og:image:type\" content=\"image\/jpeg\" \/>\n<meta name=\"twitter:card\" content=\"summary_large_image\" \/>\n<script type=\"application\/ld+json\" class=\"yoast-schema-graph\">{\"@context\":\"https:\\\/\\\/schema.org\",\"@graph\":[{\"@type\":\"WebPage\",\"@id\":\"https:\\\/\\\/alunta.com\\\/da\\\/faq\\\/\",\"url\":\"https:\\\/\\\/alunta.com\\\/da\\\/faq\\\/\",\"name\":\"FAQ - Alunta\",\"isPartOf\":{\"@id\":\"https:\\\/\\\/alunta.com\\\/da\\\/#website\"},\"datePublished\":\"2026-04-07T11:03:08+00:00\",\"description\":\"Find svar p\u00e5 de mest almindelige sp\u00f8rgsm\u00e5l om Alunta, abonnementsstyring, fakturering, integrationer og meget mere.\",\"breadcrumb\":{\"@id\":\"https:\\\/\\\/alunta.com\\\/da\\\/faq\\\/#breadcrumb\"},\"inLanguage\":\"da-DK\",\"potentialAction\":[{\"@type\":\"ReadAction\",\"target\":[\"https:\\\/\\\/alunta.com\\\/da\\\/faq\\\/\"]}]},{\"@type\":\"BreadcrumbList\",\"@id\":\"https:\\\/\\\/alunta.com\\\/da\\\/faq\\\/#breadcrumb\",\"itemListElement\":[{\"@type\":\"ListItem\",\"position\":1,\"name\":\"Home\",\"item\":\"https:\\\/\\\/alunta.com\\\/da\\\/\"},{\"@type\":\"ListItem\",\"position\":2,\"name\":\"FAQ\"}]},{\"@type\":\"WebSite\",\"@id\":\"https:\\\/\\\/alunta.com\\\/da\\\/#website\",\"url\":\"https:\\\/\\\/alunta.com\\\/da\\\/\",\"name\":\"Alunta.com\",\"description\":\"Automatisk fakturering til service- og abonnementsvirksomheder\",\"publisher\":{\"@id\":\"https:\\\/\\\/alunta.com\\\/da\\\/#organization\"},\"potentialAction\":[{\"@type\":\"SearchAction\",\"target\":{\"@type\":\"EntryPoint\",\"urlTemplate\":\"https:\\\/\\\/alunta.com\\\/da\\\/?s={search_term_string}\"},\"query-input\":{\"@type\":\"PropertyValueSpecification\",\"valueRequired\":true,\"valueName\":\"search_term_string\"}}],\"inLanguage\":\"da-DK\"},{\"@type\":\"Organization\",\"@id\":\"https:\\\/\\\/alunta.com\\\/da\\\/#organization\",\"name\":\"Alunta.com\",\"alternateName\":\"Alunta\",\"url\":\"https:\\\/\\\/alunta.com\\\/da\\\/\",\"logo\":{\"@type\":\"ImageObject\",\"inLanguage\":\"da-DK\",\"@id\":\"https:\\\/\\\/alunta.com\\\/da\\\/#\\\/schema\\\/logo\\\/image\\\/\",\"url\":\"https:\\\/\\\/alunta.com\\\/wp-content\\\/uploads\\\/2025\\\/09\\\/cropped-alunta-favicon.png\",\"contentUrl\":\"https:\\\/\\\/alunta.com\\\/wp-content\\\/uploads\\\/2025\\\/09\\\/cropped-alunta-favicon.png\",\"width\":512,\"height\":512,\"caption\":\"Alunta.com\"},\"image\":{\"@id\":\"https:\\\/\\\/alunta.com\\\/da\\\/#\\\/schema\\\/logo\\\/image\\\/\"}}]}<\/script>\n<!-- \/ Yoast SEO plugin. -->","yoast_head_json":{"title":"FAQ - Alunta","description":"Find svar p\u00e5 de mest almindelige sp\u00f8rgsm\u00e5l om Alunta, abonnementsstyring, fakturering, integrationer og meget mere.","robots":{"index":"index","follow":"follow","max-snippet":"max-snippet:-1","max-image-preview":"max-image-preview:large","max-video-preview":"max-video-preview:-1"},"canonical":"https:\/\/alunta.com\/da\/faq\/","og_locale":"da_DK","og_type":"article","og_title":"FAQ - Alunta","og_description":"Find svar p\u00e5 de mest almindelige sp\u00f8rgsm\u00e5l om Alunta, abonnementsstyring, fakturering, integrationer og meget mere.","og_url":"https:\/\/alunta.com\/da\/faq\/","og_site_name":"Alunta","og_image":[{"width":1391,"height":928,"url":"https:\/\/alunta.com\/wp-content\/uploads\/2025\/09\/alunta-com.jpg","type":"image\/jpeg"}],"twitter_card":"summary_large_image","schema":{"@context":"https:\/\/schema.org","@graph":[{"@type":"WebPage","@id":"https:\/\/alunta.com\/da\/faq\/","url":"https:\/\/alunta.com\/da\/faq\/","name":"FAQ - Alunta","isPartOf":{"@id":"https:\/\/alunta.com\/da\/#website"},"datePublished":"2026-04-07T11:03:08+00:00","description":"Find svar p\u00e5 de mest almindelige sp\u00f8rgsm\u00e5l om Alunta, abonnementsstyring, fakturering, integrationer og meget mere.","breadcrumb":{"@id":"https:\/\/alunta.com\/da\/faq\/#breadcrumb"},"inLanguage":"da-DK","potentialAction":[{"@type":"ReadAction","target":["https:\/\/alunta.com\/da\/faq\/"]}]},{"@type":"BreadcrumbList","@id":"https:\/\/alunta.com\/da\/faq\/#breadcrumb","itemListElement":[{"@type":"ListItem","position":1,"name":"Home","item":"https:\/\/alunta.com\/da\/"},{"@type":"ListItem","position":2,"name":"FAQ"}]},{"@type":"WebSite","@id":"https:\/\/alunta.com\/da\/#website","url":"https:\/\/alunta.com\/da\/","name":"Alunta.com","description":"Automatisk fakturering til service- og abonnementsvirksomheder","publisher":{"@id":"https:\/\/alunta.com\/da\/#organization"},"potentialAction":[{"@type":"SearchAction","target":{"@type":"EntryPoint","urlTemplate":"https:\/\/alunta.com\/da\/?s={search_term_string}"},"query-input":{"@type":"PropertyValueSpecification","valueRequired":true,"valueName":"search_term_string"}}],"inLanguage":"da-DK"},{"@type":"Organization","@id":"https:\/\/alunta.com\/da\/#organization","name":"Alunta.com","alternateName":"Alunta","url":"https:\/\/alunta.com\/da\/","logo":{"@type":"ImageObject","inLanguage":"da-DK","@id":"https:\/\/alunta.com\/da\/#\/schema\/logo\/image\/","url":"https:\/\/alunta.com\/wp-content\/uploads\/2025\/09\/cropped-alunta-favicon.png","contentUrl":"https:\/\/alunta.com\/wp-content\/uploads\/2025\/09\/cropped-alunta-favicon.png","width":512,"height":512,"caption":"Alunta.com"},"image":{"@id":"https:\/\/alunta.com\/da\/#\/schema\/logo\/image\/"}}]}},"_links":{"self":[{"href":"https:\/\/alunta.com\/da\/wp-json\/wp\/v2\/pages\/6834","targetHints":{"allow":["GET"]}}],"collection":[{"href":"https:\/\/alunta.com\/da\/wp-json\/wp\/v2\/pages"}],"about":[{"href":"https:\/\/alunta.com\/da\/wp-json\/wp\/v2\/types\/page"}],"replies":[{"embeddable":true,"href":"https:\/\/alunta.com\/da\/wp-json\/wp\/v2\/comments?post=6834"}],"version-history":[{"count":0,"href":"https:\/\/alunta.com\/da\/wp-json\/wp\/v2\/pages\/6834\/revisions"}],"wp:attachment":[{"href":"https:\/\/alunta.com\/da\/wp-json\/wp\/v2\/media?parent=6834"}],"curies":[{"name":"wp","href":"https:\/\/api.w.org\/{rel}","templated":true}]}}